{"id":13,"date":"2021-10-22T11:38:43","date_gmt":"2021-10-22T09:38:43","guid":{"rendered":"https:\/\/logisticssummit.de\/packages\/?post_type=product&#038;p=13"},"modified":"2025-07-25T11:08:32","modified_gmt":"2025-07-25T09:08:32","slug":"sponsored-lunch","status":"publish","type":"product","link":"https:\/\/salessummit.de\/booking\/shop\/sponsored-lunch\/","title":{"rendered":"Sponsored Lunch"},"content":{"rendered":"<h3 data-start=\"147\" data-end=\"216\"><strong data-start=\"151\" data-end=\"216\">Sponsored Lunch \u2013 Exklusives Networking auf Entscheider-Level<\/strong><\/h3>\n<p data-start=\"218\" data-end=\"490\">Positioniert eure Marke im exklusiven Rahmen eines <strong data-start=\"269\" data-end=\"290\">Sponsored Lunches<\/strong>, der <strong data-start=\"296\" data-end=\"356\">an einem der Veranstaltungstage w\u00e4hrend der Mittagspause<\/strong> stattfindet. Die Location ist fu\u00dfl\u00e4ufig vom Summit erreichbar und bietet den idealen Rahmen f\u00fcr pers\u00f6nlichen Austausch auf Augenh\u00f6he.<\/p>\n<p data-start=\"492\" data-end=\"802\"><strong data-start=\"492\" data-end=\"510\">Das Besondere:<\/strong> Direkt vor dem Lunch findet ein geschlossener <strong data-start=\"557\" data-end=\"630\">Peer-to-Peer-Roundtable mit bis zu 30 kuratierten High-Level-Personas<\/strong> statt. Diese exklusiven Teilnehmer gehen im Anschluss nahtlos in euren Sponsored Lunch \u00fcber \u2013 und sichern euch damit maximale Sichtbarkeit bei hochrelevanten Entscheidern.<\/p>\n<p data-start=\"804\" data-end=\"962\"><strong data-start=\"804\" data-end=\"892\">Zus\u00e4tzlich habt ihr die M\u00f6glichkeit, gezielt eigene Wunschg\u00e4ste zum Lunch einzuladen<\/strong>, um den Austausch noch individueller und wirkungsvoller zu gestalten.<\/p>\n<p data-start=\"964\" data-end=\"1091\">Ihr gestaltet das Erlebnis aktiv mit \u2013 zum Beispiel durch eine pers\u00f6nliche <strong data-start=\"1039\" data-end=\"1068\">Begr\u00fc\u00dfung oder Impulsrede<\/strong> zu Beginn des Lunches.<\/p>\n<p data-start=\"1093\" data-end=\"1229\"><strong data-start=\"1093\" data-end=\"1117\">Speisen und Getr\u00e4nke<\/strong> sind selbstverst\u00e4ndlich inklusive. Ihr konzentriert euch ganz auf das Networking \u2013 wir k\u00fcmmern uns um den Rest.<\/p>\n","protected":false},"excerpt":{"rendered":"<p>Sponsored Lunch \u2013 Exklusives Networking auf Entscheider-Level Positioniert eure Marke im exklusiven Rahmen eines Sponsored Lunches, der an einem der Veranstaltungstage w\u00e4hrend der Mittagspause stattfindet. Die Location ist fu\u00dfl\u00e4ufig vom Summit erreichbar und bietet den idealen Rahmen f\u00fcr pers\u00f6nlichen Austausch auf Augenh\u00f6he. Das Besondere: Direkt vor dem Lunch findet ein geschlossener Peer-to-Peer-Roundtable mit bis zu&hellip; <a class=\"more-link\" href=\"https:\/\/salessummit.de\/booking\/shop\/sponsored-lunch\/\"><span class=\"screen-reader-text\">Sponsored Lunch<\/span> weiterlesen<\/a><\/p>\n","protected":false},"featured_media":80,"comment_status":"open","ping_status":"closed","template":"","meta":[],"product_brand":[],"product_cat":[15],"product_tag":[],"class_list":{"0":"post-13","1":"product","2":"type-product","3":"status-publish","4":"has-post-thumbnail","6":"product_cat-sales-networking","7":"entry","9":"first","10":"instock","11":"sold-individually","12":"taxable","13":"shipping-taxable","14":"purchasable","15":"product-type-simple"},"_links":{"self":[{"href":"https:\/\/salessummit.de\/booking\/wp-json\/wp\/v2\/product\/13","targetHints":{"allow":["GET"]}}],"collection":[{"href":"https:\/\/salessummit.de\/booking\/wp-json\/wp\/v2\/product"}],"about":[{"href":"https:\/\/salessummit.de\/booking\/wp-json\/wp\/v2\/types\/product"}],"replies":[{"embeddable":true,"href":"https:\/\/salessummit.de\/booking\/wp-json\/wp\/v2\/comments?post=13"}],"wp:featuredmedia":[{"embeddable":true,"href":"https:\/\/salessummit.de\/booking\/wp-json\/wp\/v2\/media\/80"}],"wp:attachment":[{"href":"https:\/\/salessummit.de\/booking\/wp-json\/wp\/v2\/media?parent=13"}],"wp:term":[{"taxonomy":"product_brand","embeddable":true,"href":"https:\/\/salessummit.de\/booking\/wp-json\/wp\/v2\/product_brand?post=13"},{"taxonomy":"product_cat","embeddable":true,"href":"https:\/\/salessummit.de\/booking\/wp-json\/wp\/v2\/product_cat?post=13"},{"taxonomy":"product_tag","embeddable":true,"href":"https:\/\/salessummit.de\/booking\/wp-json\/wp\/v2\/product_tag?post=13"}],"curies":[{"name":"wp","href":"https:\/\/api.w.org\/{rel}","templated":true}]}}