{"id":16,"date":"2021-10-22T11:42:27","date_gmt":"2021-10-22T09:42:27","guid":{"rendered":"https:\/\/logisticssummit.de\/packages\/?post_type=product&#038;p=16"},"modified":"2024-10-23T13:40:27","modified_gmt":"2024-10-23T11:40:27","slug":"one-on-one-meetings","status":"publish","type":"product","link":"https:\/\/salessummit.de\/booking\/shop\/one-on-one-meetings\/","title":{"rendered":"10 One-on-One Meetings"},"content":{"rendered":"<p>Meetings und Leads auf dem Sales Summit!<br \/>\nIhr w\u00e4hlt aus der Teilnehmendenliste eure top Targets aus und wir garantieren, dass mindestens 10 Meetings mit diesen Personen und eurem Team auf dem Sales Summit stattfinden.<\/p>\n<p>&nbsp;<\/p>\n<p>Ein One-on-One Meeting gilt als erfolgreich abgeschlossen, sofern ein Meeting mit einer Person auf der Liste der f\u00fcr die 1on1-Meetings ausgew\u00e4hlten Personen zustande kommt, unabh\u00e4ngig auf welchem Kommunikationsweg dieser vereinbart wurde.<\/p>\n","protected":false},"excerpt":{"rendered":"<p>Meetings und Leads auf dem Sales Summit! Ihr w\u00e4hlt aus der Teilnehmendenliste eure top Targets aus und wir garantieren, dass mindestens 10 Meetings mit diesen Personen und eurem Team auf dem Sales Summit stattfinden. &nbsp; Ein One-on-One Meeting gilt als erfolgreich abgeschlossen, sofern ein Meeting mit einer Person auf der Liste der f\u00fcr die 1on1-Meetings&hellip; <a class=\"more-link\" href=\"https:\/\/salessummit.de\/booking\/shop\/one-on-one-meetings\/\"><span class=\"screen-reader-text\">10 One-on-One Meetings<\/span> weiterlesen<\/a><\/p>\n","protected":false},"featured_media":386,"comment_status":"open","ping_status":"closed","template":"","meta":[],"product_brand":[],"product_cat":[15],"product_tag":[21],"class_list":{"0":"post-16","1":"product","2":"type-product","3":"status-publish","4":"has-post-thumbnail","6":"product_cat-sales-networking","7":"product_tag-highlight","8":"entry","10":"first","11":"instock","12":"sold-individually","13":"taxable","14":"shipping-taxable","15":"purchasable","16":"product-type-simple"},"_links":{"self":[{"href":"https:\/\/salessummit.de\/booking\/wp-json\/wp\/v2\/product\/16","targetHints":{"allow":["GET"]}}],"collection":[{"href":"https:\/\/salessummit.de\/booking\/wp-json\/wp\/v2\/product"}],"about":[{"href":"https:\/\/salessummit.de\/booking\/wp-json\/wp\/v2\/types\/product"}],"replies":[{"embeddable":true,"href":"https:\/\/salessummit.de\/booking\/wp-json\/wp\/v2\/comments?post=16"}],"wp:featuredmedia":[{"embeddable":true,"href":"https:\/\/salessummit.de\/booking\/wp-json\/wp\/v2\/media\/386"}],"wp:attachment":[{"href":"https:\/\/salessummit.de\/booking\/wp-json\/wp\/v2\/media?parent=16"}],"wp:term":[{"taxonomy":"product_brand","embeddable":true,"href":"https:\/\/salessummit.de\/booking\/wp-json\/wp\/v2\/product_brand?post=16"},{"taxonomy":"product_cat","embeddable":true,"href":"https:\/\/salessummit.de\/booking\/wp-json\/wp\/v2\/product_cat?post=16"},{"taxonomy":"product_tag","embeddable":true,"href":"https:\/\/salessummit.de\/booking\/wp-json\/wp\/v2\/product_tag?post=16"}],"curies":[{"name":"wp","href":"https:\/\/api.w.org\/{rel}","templated":true}]}}