{"id":55,"date":"2021-10-28T16:05:07","date_gmt":"2021-10-28T14:05:07","guid":{"rendered":"https:\/\/procurementsummit.de\/packages\/?post_type=product&#038;p=55"},"modified":"2026-03-18T14:15:42","modified_gmt":"2026-03-18T13:15:42","slug":"smoothie-bike","status":"publish","type":"product","link":"https:\/\/salessummit.de\/booking\/shop\/smoothie-bike\/","title":{"rendered":"Smoothie-Bar"},"content":{"rendered":"<p data-start=\"0\" data-end=\"59\"><strong data-start=\"0\" data-end=\"59\">Smoothie-Bar im Summit-Bereich \u2013 Auffallen &amp; Begeistern<\/strong><\/p>\n<p data-start=\"61\" data-end=\"321\">Setze ein erfrischendes Statement auf dem Summit mit unserer Smoothie-Bar! Wir bieten dir maximale Sichtbarkeit und direkten Kundenkontakt \u2013 inklusive Fl\u00e4che, Equipment und deinem individuellen Branding. (<span data-sheets-root=\"1\">Tresen, Men\u00fckarte, Getr\u00e4nkebecher)<\/span> Professionelles Standpersonal ist ebenfalls inbegriffen.<\/p>\n<p data-start=\"323\" data-end=\"447\">Im Paket enthalten:\u00a0<strong data-start=\"343\" data-end=\"374\">750 Portionen f\u00fcr zwei Tage<\/strong>.<br data-start=\"375\" data-end=\"378\" \/>Mehrbedarf? Kein Problem:\u00a0<strong data-start=\"404\" data-end=\"446\" data-is-only-node=\"\">100 Portionen zus\u00e4tzlich f\u00fcr nur 895\u202f\u20ac<\/strong>.<\/p>\n<p data-start=\"323\" data-end=\"447\">Ausgabezeiten Tag 1 <span data-sheets-root=\"1\">08:30-18:00 \/ Tag 2 09:00-17:00<\/span><\/p>\n<p data-start=\"449\" data-end=\"493\" data-is-last-node=\"\" data-is-only-node=\"\"><strong data-start=\"449\" data-end=\"493\" data-is-last-node=\"\">Jetzt aufmerksamkeitsstark durchstarten!<\/strong><\/p>\n","protected":false},"excerpt":{"rendered":"<p>Smoothie-Bar im Summit-Bereich \u2013 Auffallen &amp; Begeistern Setze ein erfrischendes Statement auf dem Summit mit unserer Smoothie-Bar! Wir bieten dir maximale Sichtbarkeit und direkten Kundenkontakt \u2013 inklusive Fl\u00e4che, Equipment und deinem individuellen Branding. (Tresen, Men\u00fckarte, Getr\u00e4nkebecher) Professionelles Standpersonal ist ebenfalls inbegriffen. Im Paket enthalten:\u00a0750 Portionen f\u00fcr zwei Tage.Mehrbedarf? Kein Problem:\u00a0100 Portionen zus\u00e4tzlich f\u00fcr nur 895\u202f\u20ac.&hellip; <a class=\"more-link\" href=\"https:\/\/salessummit.de\/booking\/shop\/smoothie-bike\/\"><span class=\"screen-reader-text\">Smoothie-Bar<\/span> weiterlesen<\/a><\/p>\n","protected":false},"featured_media":78,"comment_status":"open","ping_status":"closed","template":"","meta":[],"product_brand":[],"product_cat":[38],"product_tag":[],"class_list":{"0":"post-55","1":"product","2":"type-product","3":"status-publish","4":"has-post-thumbnail","6":"product_cat-food-beverage","7":"entry","9":"first","10":"outofstock","11":"sold-individually","12":"taxable","13":"shipping-taxable","14":"purchasable","15":"product-type-simple"},"_links":{"self":[{"href":"https:\/\/salessummit.de\/booking\/wp-json\/wp\/v2\/product\/55","targetHints":{"allow":["GET"]}}],"collection":[{"href":"https:\/\/salessummit.de\/booking\/wp-json\/wp\/v2\/product"}],"about":[{"href":"https:\/\/salessummit.de\/booking\/wp-json\/wp\/v2\/types\/product"}],"replies":[{"embeddable":true,"href":"https:\/\/salessummit.de\/booking\/wp-json\/wp\/v2\/comments?post=55"}],"wp:featuredmedia":[{"embeddable":true,"href":"https:\/\/salessummit.de\/booking\/wp-json\/wp\/v2\/media\/78"}],"wp:attachment":[{"href":"https:\/\/salessummit.de\/booking\/wp-json\/wp\/v2\/media?parent=55"}],"wp:term":[{"taxonomy":"product_brand","embeddable":true,"href":"https:\/\/salessummit.de\/booking\/wp-json\/wp\/v2\/product_brand?post=55"},{"taxonomy":"product_cat","embeddable":true,"href":"https:\/\/salessummit.de\/booking\/wp-json\/wp\/v2\/product_cat?post=55"},{"taxonomy":"product_tag","embeddable":true,"href":"https:\/\/salessummit.de\/booking\/wp-json\/wp\/v2\/product_tag?post=55"}],"curies":[{"name":"wp","href":"https:\/\/api.w.org\/{rel}","templated":true}]}}