{"id":56,"date":"2021-10-28T16:06:06","date_gmt":"2021-10-28T14:06:06","guid":{"rendered":"https:\/\/procurementsummit.de\/packages\/?post_type=product&#038;p=56"},"modified":"2026-03-18T14:18:45","modified_gmt":"2026-03-18T13:18:45","slug":"kaffee-lounge-bar","status":"publish","type":"product","link":"https:\/\/salessummit.de\/booking\/shop\/kaffee-lounge-bar\/","title":{"rendered":"Kaffee Lounge Bar"},"content":{"rendered":"<p data-start=\"0\" data-end=\"59\"><strong data-start=\"0\" data-end=\"59\">Kaffee-Bar auf dem Summit \u2013 Der perfekte Besuchermagnet<\/strong><\/p>\n<p data-start=\"61\" data-end=\"279\">Betreibt eure eigene Kaffee-Bar mit aromatischem Espresso und feinsten Kaffeespezialit\u00e4ten \u2013 direkt auf dem Summit! Inklusive Fl\u00e4che, Bar, Kaffee, professionellem <strong data-start=\"224\" data-end=\"244\">Barista-Personal<\/strong> und eurem individuellen Branding.(<span data-sheets-root=\"1\">Tresen, Getr\u00e4nkebecher (inkl. Espresso Becher))<\/span><\/p>\n<p data-start=\"281\" data-end=\"403\">Im Paket enthalten: <strong data-start=\"301\" data-end=\"332\">700 Portionen f\u00fcr zwei Tage<\/strong>.<br data-start=\"333\" data-end=\"336\" \/>Mehr Koffein gef\u00e4llig? <strong data-start=\"359\" data-end=\"402\">100 zus\u00e4tzliche Portionen f\u00fcr nur 345\u202f\u20ac<\/strong>.<\/p>\n<p data-start=\"281\" data-end=\"403\">Ausgabezeiten Tag 1 <span data-sheets-root=\"1\">08:30-18:00 \/ Tag 2 09:00-17:00<\/span><\/p>\n<p data-start=\"405\" data-end=\"517\">Die Kaffee-Bar wird nahtlos in euren Stand integriert \u2013 <strong data-start=\"461\" data-end=\"516\">der ideale Ort f\u00fcr Gespr\u00e4che, Genuss und Networking<\/strong>.<\/p>\n<p data-start=\"519\" data-end=\"580\" data-is-last-node=\"\" data-is-only-node=\"\"><strong data-start=\"519\" data-end=\"580\" data-is-last-node=\"\">Jetzt mit bestem Kaffee und starker Pr\u00e4senz durchstarten!<\/strong><\/p>\n","protected":false},"excerpt":{"rendered":"<p>Kaffee-Bar auf dem Summit \u2013 Der perfekte Besuchermagnet Betreibt eure eigene Kaffee-Bar mit aromatischem Espresso und feinsten Kaffeespezialit\u00e4ten \u2013 direkt auf dem Summit! Inklusive Fl\u00e4che, Bar, Kaffee, professionellem Barista-Personal und eurem individuellen Branding.(Tresen, Getr\u00e4nkebecher (inkl. Espresso Becher)) Im Paket enthalten: 700 Portionen f\u00fcr zwei Tage.Mehr Koffein gef\u00e4llig? 100 zus\u00e4tzliche Portionen f\u00fcr nur 345\u202f\u20ac. Ausgabezeiten Tag&hellip; <a class=\"more-link\" href=\"https:\/\/salessummit.de\/booking\/shop\/kaffee-lounge-bar\/\"><span class=\"screen-reader-text\">Kaffee Lounge Bar<\/span> weiterlesen<\/a><\/p>\n","protected":false},"featured_media":84,"comment_status":"open","ping_status":"closed","template":"","meta":[],"product_brand":[],"product_cat":[38],"product_tag":[],"class_list":{"0":"post-56","1":"product","2":"type-product","3":"status-publish","4":"has-post-thumbnail","6":"product_cat-food-beverage","7":"entry","9":"first","10":"outofstock","11":"sold-individually","12":"taxable","13":"shipping-taxable","14":"purchasable","15":"product-type-simple"},"_links":{"self":[{"href":"https:\/\/salessummit.de\/booking\/wp-json\/wp\/v2\/product\/56","targetHints":{"allow":["GET"]}}],"collection":[{"href":"https:\/\/salessummit.de\/booking\/wp-json\/wp\/v2\/product"}],"about":[{"href":"https:\/\/salessummit.de\/booking\/wp-json\/wp\/v2\/types\/product"}],"replies":[{"embeddable":true,"href":"https:\/\/salessummit.de\/booking\/wp-json\/wp\/v2\/comments?post=56"}],"wp:featuredmedia":[{"embeddable":true,"href":"https:\/\/salessummit.de\/booking\/wp-json\/wp\/v2\/media\/84"}],"wp:attachment":[{"href":"https:\/\/salessummit.de\/booking\/wp-json\/wp\/v2\/media?parent=56"}],"wp:term":[{"taxonomy":"product_brand","embeddable":true,"href":"https:\/\/salessummit.de\/booking\/wp-json\/wp\/v2\/product_brand?post=56"},{"taxonomy":"product_cat","embeddable":true,"href":"https:\/\/salessummit.de\/booking\/wp-json\/wp\/v2\/product_cat?post=56"},{"taxonomy":"product_tag","embeddable":true,"href":"https:\/\/salessummit.de\/booking\/wp-json\/wp\/v2\/product_tag?post=56"}],"curies":[{"name":"wp","href":"https:\/\/api.w.org\/{rel}","templated":true}]}}