{"id":607,"date":"2025-02-04T12:02:39","date_gmt":"2025-02-04T11:02:39","guid":{"rendered":"https:\/\/salessummit.de\/booking\/?post_type=product&#038;p=607"},"modified":"2026-03-18T14:23:41","modified_gmt":"2026-03-18T13:23:41","slug":"crepestand","status":"publish","type":"product","link":"https:\/\/salessummit.de\/booking\/shop\/crepestand\/","title":{"rendered":"Cr\u00eape-Stand"},"content":{"rendered":"<p data-start=\"0\" data-end=\"58\"><strong data-start=\"0\" data-end=\"58\">Cr\u00eape-Stand auf dem Summit\u00a0<\/strong><\/p>\n<p data-start=\"60\" data-end=\"298\">Lockt Besucher mit dem unwiderstehlichen Duft frisch zubereiteter Cr\u00eapes direkt an euren Stand! Unser Cr\u00eape-Stand wird nahtlos in euren Auftritt auf dem Summit integriert und sorgt f\u00fcr maximale Sichtbarkeit und genussvolle Kontaktmomente.<\/p>\n<p data-start=\"300\" data-end=\"469\">Inklusive:\u00a0<strong data-start=\"311\" data-end=\"366\">Fl\u00e4che, Equipment, individuelles Branding(<span data-sheets-root=\"1\">Tresen, Servietten)<\/span>, Personal<\/strong>\u00a0\u2013 und\u00a0<strong data-start=\"373\" data-end=\"404\">600 Portionen f\u00fcr zwei Tage<\/strong>.<br data-start=\"405\" data-end=\"408\" \/>Mehr Hunger?\u00a0<strong data-start=\"421\" data-end=\"460\">100 zus\u00e4tzliche Portionen f\u00fcr 813\u202f\u20ac<\/strong>\u00a0buchbar.<\/p>\n<p data-start=\"300\" data-end=\"469\">Ausgabezeiten Tag 1 <span data-sheets-root=\"1\">10:30-18:00 \/ Tag 2 10:30-17:00<\/span><\/p>\n<p data-start=\"471\" data-end=\"534\" data-is-last-node=\"\" data-is-only-node=\"\"><strong data-start=\"471\" data-end=\"534\" data-is-last-node=\"\">Jetzt mit s\u00fc\u00dfem Highlight und starker Pr\u00e4senz durchstarten!<\/strong><\/p>\n","protected":false},"excerpt":{"rendered":"<p>Cr\u00eape-Stand auf dem Summit\u00a0 Lockt Besucher mit dem unwiderstehlichen Duft frisch zubereiteter Cr\u00eapes direkt an euren Stand! Unser Cr\u00eape-Stand wird nahtlos in euren Auftritt auf dem Summit integriert und sorgt f\u00fcr maximale Sichtbarkeit und genussvolle Kontaktmomente. Inklusive:\u00a0Fl\u00e4che, Equipment, individuelles Branding(Tresen, Servietten), Personal\u00a0\u2013 und\u00a0600 Portionen f\u00fcr zwei Tage.Mehr Hunger?\u00a0100 zus\u00e4tzliche Portionen f\u00fcr 813\u202f\u20ac\u00a0buchbar. Ausgabezeiten Tag 1&hellip; <a class=\"more-link\" href=\"https:\/\/salessummit.de\/booking\/shop\/crepestand\/\"><span class=\"screen-reader-text\">Cr\u00eape-Stand<\/span> weiterlesen<\/a><\/p>\n","protected":false},"featured_media":745,"comment_status":"open","ping_status":"closed","template":"","meta":[],"product_brand":[],"product_cat":[38],"product_tag":[],"class_list":{"0":"post-607","1":"product","2":"type-product","3":"status-publish","4":"has-post-thumbnail","6":"product_cat-food-beverage","7":"entry","9":"first","10":"instock","11":"sold-individually","12":"taxable","13":"shipping-taxable","14":"purchasable","15":"product-type-simple"},"_links":{"self":[{"href":"https:\/\/salessummit.de\/booking\/wp-json\/wp\/v2\/product\/607","targetHints":{"allow":["GET"]}}],"collection":[{"href":"https:\/\/salessummit.de\/booking\/wp-json\/wp\/v2\/product"}],"about":[{"href":"https:\/\/salessummit.de\/booking\/wp-json\/wp\/v2\/types\/product"}],"replies":[{"embeddable":true,"href":"https:\/\/salessummit.de\/booking\/wp-json\/wp\/v2\/comments?post=607"}],"wp:featuredmedia":[{"embeddable":true,"href":"https:\/\/salessummit.de\/booking\/wp-json\/wp\/v2\/media\/745"}],"wp:attachment":[{"href":"https:\/\/salessummit.de\/booking\/wp-json\/wp\/v2\/media?parent=607"}],"wp:term":[{"taxonomy":"product_brand","embeddable":true,"href":"https:\/\/salessummit.de\/booking\/wp-json\/wp\/v2\/product_brand?post=607"},{"taxonomy":"product_cat","embeddable":true,"href":"https:\/\/salessummit.de\/booking\/wp-json\/wp\/v2\/product_cat?post=607"},{"taxonomy":"product_tag","embeddable":true,"href":"https:\/\/salessummit.de\/booking\/wp-json\/wp\/v2\/product_tag?post=607"}],"curies":[{"name":"wp","href":"https:\/\/api.w.org\/{rel}","templated":true}]}}