{"id":611,"date":"2025-02-04T12:08:03","date_gmt":"2025-02-04T11:08:03","guid":{"rendered":"https:\/\/salessummit.de\/booking\/?post_type=product&#038;p=611"},"modified":"2026-03-18T14:58:28","modified_gmt":"2026-03-18T13:58:28","slug":"frozen-joghurt-bar","status":"publish","type":"product","link":"https:\/\/salessummit.de\/booking\/shop\/frozen-joghurt-bar\/","title":{"rendered":"Frozen Yogurt-Bar"},"content":{"rendered":"<p data-start=\"0\" data-end=\"67\"><strong data-start=\"0\" data-end=\"67\">Frozen Yogurt-Bar auf dem Summit \u2013 Frische trifft Markenpr\u00e4senz<\/strong><\/p>\n<p data-start=\"69\" data-end=\"254\">Sorgt f\u00fcr eine k\u00fchle Erfrischung und zieht Besucher magisch an \u2013 mit eurer eigenen Frozen Yogurt-Bar direkt auf dem Summit! Ideal f\u00fcr winterliche Events mit den leckeren Toppings und f\u00fcr perfekte Gespr\u00e4che am Stand.<\/p>\n<p data-start=\"256\" data-end=\"461\">Inklusive: <strong data-start=\"267\" data-end=\"322\">Fl\u00e4che, Equipment, individuelles Branding(<span data-sheets-root=\"1\">Tresen, Eisbecher)<\/span>, Personal<\/strong> \u2013 und <strong data-start=\"329\" data-end=\"360\">750 Portionen f\u00fcr zwei Tage<\/strong><\/p>\n<p data-start=\"463\" data-end=\"539\">Mehr Portionen, mehr Freude? <strong data-start=\"491\" data-end=\"530\">100 zus\u00e4tzliche Portionen f\u00fcr 756\u202f\u20ac<\/strong> buchbar.<\/p>\n<p data-start=\"463\" data-end=\"539\">Ausgabezeiten Tag 1 <span data-sheets-root=\"1\">10:30-18:00 \/ Tag 2 10:30-17:00<\/span><\/p>\n<p data-start=\"541\" data-end=\"600\" data-is-last-node=\"\" data-is-only-node=\"\"><strong data-start=\"541\" data-end=\"600\" data-is-last-node=\"\">Jetzt mit cooler Idee und starker Pr\u00e4senz durchstarten!<\/strong><\/p>\n","protected":false},"excerpt":{"rendered":"<p>Frozen Yogurt-Bar auf dem Summit \u2013 Frische trifft Markenpr\u00e4senz Sorgt f\u00fcr eine k\u00fchle Erfrischung und zieht Besucher magisch an \u2013 mit eurer eigenen Frozen Yogurt-Bar direkt auf dem Summit! Ideal f\u00fcr winterliche Events mit den leckeren Toppings und f\u00fcr perfekte Gespr\u00e4che am Stand. Inklusive: Fl\u00e4che, Equipment, individuelles Branding(Tresen, Eisbecher), Personal \u2013 und 750 Portionen f\u00fcr&hellip; <a class=\"more-link\" href=\"https:\/\/salessummit.de\/booking\/shop\/frozen-joghurt-bar\/\"><span class=\"screen-reader-text\">Frozen Yogurt-Bar<\/span> weiterlesen<\/a><\/p>\n","protected":false},"featured_media":0,"comment_status":"open","ping_status":"closed","template":"","meta":[],"product_brand":[],"product_cat":[38],"product_tag":[],"class_list":{"0":"post-611","1":"product","2":"type-product","3":"status-publish","5":"product_cat-food-beverage","6":"entry","8":"first","9":"instock","10":"sold-individually","11":"taxable","12":"shipping-taxable","13":"purchasable","14":"product-type-simple"},"_links":{"self":[{"href":"https:\/\/salessummit.de\/booking\/wp-json\/wp\/v2\/product\/611","targetHints":{"allow":["GET"]}}],"collection":[{"href":"https:\/\/salessummit.de\/booking\/wp-json\/wp\/v2\/product"}],"about":[{"href":"https:\/\/salessummit.de\/booking\/wp-json\/wp\/v2\/types\/product"}],"replies":[{"embeddable":true,"href":"https:\/\/salessummit.de\/booking\/wp-json\/wp\/v2\/comments?post=611"}],"wp:attachment":[{"href":"https:\/\/salessummit.de\/booking\/wp-json\/wp\/v2\/media?parent=611"}],"wp:term":[{"taxonomy":"product_brand","embeddable":true,"href":"https:\/\/salessummit.de\/booking\/wp-json\/wp\/v2\/product_brand?post=611"},{"taxonomy":"product_cat","embeddable":true,"href":"https:\/\/salessummit.de\/booking\/wp-json\/wp\/v2\/product_cat?post=611"},{"taxonomy":"product_tag","embeddable":true,"href":"https:\/\/salessummit.de\/booking\/wp-json\/wp\/v2\/product_tag?post=611"}],"curies":[{"name":"wp","href":"https:\/\/api.w.org\/{rel}","templated":true}]}}