{"id":614,"date":"2025-02-04T12:15:22","date_gmt":"2025-02-04T11:15:22","guid":{"rendered":"https:\/\/salessummit.de\/booking\/?post_type=product&#038;p=614"},"modified":"2026-03-18T15:04:26","modified_gmt":"2026-03-18T14:04:26","slug":"cocktailbar-bei-unserer-abendveranstaltung","status":"publish","type":"product","link":"https:\/\/salessummit.de\/booking\/shop\/cocktailbar-bei-unserer-abendveranstaltung\/","title":{"rendered":"Cocktailbar bei unserer Abendveranstaltung"},"content":{"rendered":"<p data-start=\"0\" data-end=\"73\"><strong data-start=\"0\" data-end=\"73\">Exklusive Cocktailbar auf dem Doppel-Summit \u2013 Der Eyecatcher am Abend<\/strong><\/p>\n<p data-start=\"75\" data-end=\"380\">Setzt ein echtes Highlight bei der Abendveranstaltung des <strong data-start=\"133\" data-end=\"151\">Doppel-Summits<\/strong> \u2013 mit unserer <strong data-start=\"166\" data-end=\"192\">exklusiven Cocktailbar<\/strong>! Stylisch inszeniert, mit individuellem Branding und professionellem Barpersonal sorgt sie f\u00fcr <strong data-start=\"288\" data-end=\"318\">outstanding Aufmerksamkeit<\/strong> und unvergessliche Begegnungen \u2013 <strong data-start=\"352\" data-end=\"379\">abseits der Standfl\u00e4che<\/strong>.<\/p>\n<p data-start=\"382\" data-end=\"593\">Einmalig buchbar f\u00fcr den Doppel-Summit.<br data-start=\"421\" data-end=\"424\" \/>Inklusive: <strong data-start=\"435\" data-end=\"481\">Barfl\u00e4che, Ausstattung, Branding(Tresen, Servietten) Personal<\/strong> \u2013 und <strong data-start=\"488\" data-end=\"519\" data-is-only-node=\"\">550 Cocktails f\u00fcr den Abend<\/strong>.<br data-start=\"520\" data-end=\"523\" \/>Mehr Drinks gef\u00e4llig? <strong data-start=\"545\" data-end=\"584\">100 zus\u00e4tzliche Cocktails f\u00fcr 975\u202f\u20ac<\/strong> buchbar.<\/p>\n<p data-start=\"382\" data-end=\"593\">Ausgabezeiten <span data-sheets-root=\"1\">Tag 1 18:00-22:00<\/span><\/p>\n<p data-start=\"595\" data-end=\"665\" data-is-last-node=\"\" data-is-only-node=\"\"><strong data-start=\"595\" data-end=\"665\" data-is-last-node=\"\">Jetzt den Abend dominieren \u2013 mit Stil, Geschmack und Sichtbarkeit!<\/strong><\/p>\n","protected":false},"excerpt":{"rendered":"<p>Exklusive Cocktailbar auf dem Doppel-Summit \u2013 Der Eyecatcher am Abend Setzt ein echtes Highlight bei der Abendveranstaltung des Doppel-Summits \u2013 mit unserer exklusiven Cocktailbar! Stylisch inszeniert, mit individuellem Branding und professionellem Barpersonal sorgt sie f\u00fcr outstanding Aufmerksamkeit und unvergessliche Begegnungen \u2013 abseits der Standfl\u00e4che. Einmalig buchbar f\u00fcr den Doppel-Summit.Inklusive: Barfl\u00e4che, Ausstattung, Branding(Tresen, Servietten) Personal \u2013&hellip; <a class=\"more-link\" href=\"https:\/\/salessummit.de\/booking\/shop\/cocktailbar-bei-unserer-abendveranstaltung\/\"><span class=\"screen-reader-text\">Cocktailbar bei unserer Abendveranstaltung<\/span> weiterlesen<\/a><\/p>\n","protected":false},"featured_media":0,"comment_status":"open","ping_status":"closed","template":"","meta":[],"product_brand":[],"product_cat":[17],"product_tag":[],"class_list":{"0":"post-614","1":"product","2":"type-product","3":"status-publish","5":"product_cat-branding","6":"entry","8":"first","9":"instock","10":"sold-individually","11":"taxable","12":"shipping-taxable","13":"purchasable","14":"product-type-simple"},"_links":{"self":[{"href":"https:\/\/salessummit.de\/booking\/wp-json\/wp\/v2\/product\/614","targetHints":{"allow":["GET"]}}],"collection":[{"href":"https:\/\/salessummit.de\/booking\/wp-json\/wp\/v2\/product"}],"about":[{"href":"https:\/\/salessummit.de\/booking\/wp-json\/wp\/v2\/types\/product"}],"replies":[{"embeddable":true,"href":"https:\/\/salessummit.de\/booking\/wp-json\/wp\/v2\/comments?post=614"}],"wp:attachment":[{"href":"https:\/\/salessummit.de\/booking\/wp-json\/wp\/v2\/media?parent=614"}],"wp:term":[{"taxonomy":"product_brand","embeddable":true,"href":"https:\/\/salessummit.de\/booking\/wp-json\/wp\/v2\/product_brand?post=614"},{"taxonomy":"product_cat","embeddable":true,"href":"https:\/\/salessummit.de\/booking\/wp-json\/wp\/v2\/product_cat?post=614"},{"taxonomy":"product_tag","embeddable":true,"href":"https:\/\/salessummit.de\/booking\/wp-json\/wp\/v2\/product_tag?post=614"}],"curies":[{"name":"wp","href":"https:\/\/api.w.org\/{rel}","templated":true}]}}