{"id":618,"date":"2025-02-04T13:22:47","date_gmt":"2025-02-04T12:22:47","guid":{"rendered":"https:\/\/salessummit.de\/booking\/?post_type=product&#038;p=618"},"modified":"2026-03-24T13:41:37","modified_gmt":"2026-03-24T12:41:37","slug":"mac-n-cheese-stand","status":"publish","type":"product","link":"https:\/\/salessummit.de\/booking\/shop\/mac-n-cheese-stand\/","title":{"rendered":"Mac\u2019n\u2019Cheese-Station"},"content":{"rendered":"<p data-start=\"0\" data-end=\"87\"><strong data-start=\"0\" data-end=\"87\">Mac\u2019n\u2019Cheese-Station auf dem Summit \u2013 Herzhaft, hei\u00df und ein echter Publikumsmagnet<\/strong><\/p>\n<p data-start=\"89\" data-end=\"322\">Sorgt f\u00fcr warme Genussmomente und volle Aufmerksamkeit mit unserer <strong data-start=\"156\" data-end=\"180\">Mac\u2019n\u2019Cheese-Station<\/strong> auf dem Summit! Der herzhafte Klassiker zieht Besucher an euren Stand und bietet perfekte Gelegenheiten f\u00fcr Gespr\u00e4che in lockerer Atmosph\u00e4re.<\/p>\n<p data-start=\"324\" data-end=\"499\">Inklusive: <strong data-start=\"335\" data-end=\"390\">Fl\u00e4che, Equipment, individuelles Branding (Tresen &amp; Servietten), Personal<\/strong> \u2013 und <strong data-start=\"397\" data-end=\"428\">440 Portionen f\u00fcr zwei Tage<\/strong>.<br data-start=\"429\" data-end=\"432\" \/>Mehr Comfort Food? <strong data-start=\"451\" data-end=\"490\">100 zus\u00e4tzliche Portionen f\u00fcr 810\u202f\u20ac<\/strong> buchbar.<\/p>\n<p data-start=\"324\" data-end=\"499\">Ausgabezeiten Tag 1 10:30-18:00 \/ Tag 2 10:30-17:00<\/p>\n<p data-start=\"501\" data-end=\"569\" data-is-last-node=\"\" data-is-only-node=\"\"><strong data-start=\"501\" data-end=\"569\" data-is-last-node=\"\">Jetzt mit herzhaftem Highlight und starker Pr\u00e4senz durchstarten!<\/strong><\/p>\n","protected":false},"excerpt":{"rendered":"<p>Mac\u2019n\u2019Cheese-Station auf dem Summit \u2013 Herzhaft, hei\u00df und ein echter Publikumsmagnet Sorgt f\u00fcr warme Genussmomente und volle Aufmerksamkeit mit unserer Mac\u2019n\u2019Cheese-Station auf dem Summit! Der herzhafte Klassiker zieht Besucher an euren Stand und bietet perfekte Gelegenheiten f\u00fcr Gespr\u00e4che in lockerer Atmosph\u00e4re. Inklusive: Fl\u00e4che, Equipment, individuelles Branding (Tresen &amp; Servietten), Personal \u2013 und 440 Portionen f\u00fcr&hellip; <a class=\"more-link\" href=\"https:\/\/salessummit.de\/booking\/shop\/mac-n-cheese-stand\/\"><span class=\"screen-reader-text\">Mac\u2019n\u2019Cheese-Station<\/span> weiterlesen<\/a><\/p>\n","protected":false},"featured_media":0,"comment_status":"open","ping_status":"closed","template":"","meta":[],"product_brand":[],"product_cat":[38],"product_tag":[],"class_list":{"0":"post-618","1":"product","2":"type-product","3":"status-publish","5":"product_cat-food-beverage","6":"entry","8":"first","9":"instock","10":"sold-individually","11":"taxable","12":"shipping-taxable","13":"purchasable","14":"product-type-simple"},"_links":{"self":[{"href":"https:\/\/salessummit.de\/booking\/wp-json\/wp\/v2\/product\/618","targetHints":{"allow":["GET"]}}],"collection":[{"href":"https:\/\/salessummit.de\/booking\/wp-json\/wp\/v2\/product"}],"about":[{"href":"https:\/\/salessummit.de\/booking\/wp-json\/wp\/v2\/types\/product"}],"replies":[{"embeddable":true,"href":"https:\/\/salessummit.de\/booking\/wp-json\/wp\/v2\/comments?post=618"}],"wp:attachment":[{"href":"https:\/\/salessummit.de\/booking\/wp-json\/wp\/v2\/media?parent=618"}],"wp:term":[{"taxonomy":"product_brand","embeddable":true,"href":"https:\/\/salessummit.de\/booking\/wp-json\/wp\/v2\/product_brand?post=618"},{"taxonomy":"product_cat","embeddable":true,"href":"https:\/\/salessummit.de\/booking\/wp-json\/wp\/v2\/product_cat?post=618"},{"taxonomy":"product_tag","embeddable":true,"href":"https:\/\/salessummit.de\/booking\/wp-json\/wp\/v2\/product_tag?post=618"}],"curies":[{"name":"wp","href":"https:\/\/api.w.org\/{rel}","templated":true}]}}