{"id":656,"date":"2025-05-27T11:16:23","date_gmt":"2025-05-27T09:16:23","guid":{"rendered":"https:\/\/salessummit.de\/booking\/?post_type=product&#038;p=656"},"modified":"2026-03-24T13:47:12","modified_gmt":"2026-03-24T12:47:12","slug":"sushi-bar","status":"publish","type":"product","link":"https:\/\/salessummit.de\/booking\/shop\/sushi-bar\/","title":{"rendered":"Sushi-Bar"},"content":{"rendered":"<p data-start=\"0\" data-end=\"61\"><strong data-start=\"0\" data-end=\"61\">Sushi-Bar auf dem Summit \u2013 Frische trifft Premium-Pr\u00e4senz<\/strong><\/p>\n<p data-start=\"63\" data-end=\"311\">Setzt ein stilvolles Statement mit unserer <strong data-start=\"106\" data-end=\"119\">Sushi-Bar<\/strong> auf dem Summit \u2013 f\u00fcr alle, die auf Qualit\u00e4t, \u00c4sthetik und Wirkung setzen. Frisch zubereitetes Sushi zieht Blicke wie Besucher an und schafft einen exklusiven Rahmen f\u00fcr genussvolle Gespr\u00e4che.<\/p>\n<p data-start=\"313\" data-end=\"500\">Inklusive: <strong data-start=\"324\" data-end=\"395\">Fl\u00e4che, Equipment, individuelles Branding (Tresen &amp; Servietten), professionelles Personal<\/strong> \u2013 und <strong data-start=\"402\" data-end=\"433\">600 Portionen f\u00fcr zwei Tage<\/strong>.<br data-start=\"434\" data-end=\"437\" \/>Mehr Genuss? <strong data-start=\"450\" data-end=\"491\">100 zus\u00e4tzliche Portionen f\u00fcr 1.164\u202f\u20ac<\/strong> buchbar.<\/p>\n<p data-start=\"313\" data-end=\"500\">Ausgabezeiten an Tag 1 10:30-18:00 \/ Tag 2 10:30-17:00<\/p>\n<p data-start=\"502\" data-end=\"568\" data-is-last-node=\"\" data-is-only-node=\"\"><strong data-start=\"502\" data-end=\"568\" data-is-last-node=\"\">Jetzt mit Premium-Konzept und feinstem Geschmack durchstarten!<\/strong><\/p>\n","protected":false},"excerpt":{"rendered":"<p>Sushi-Bar auf dem Summit \u2013 Frische trifft Premium-Pr\u00e4senz Setzt ein stilvolles Statement mit unserer Sushi-Bar auf dem Summit \u2013 f\u00fcr alle, die auf Qualit\u00e4t, \u00c4sthetik und Wirkung setzen. Frisch zubereitetes Sushi zieht Blicke wie Besucher an und schafft einen exklusiven Rahmen f\u00fcr genussvolle Gespr\u00e4che. Inklusive: Fl\u00e4che, Equipment, individuelles Branding (Tresen &amp; Servietten), professionelles Personal \u2013&hellip; <a class=\"more-link\" href=\"https:\/\/salessummit.de\/booking\/shop\/sushi-bar\/\"><span class=\"screen-reader-text\">Sushi-Bar<\/span> weiterlesen<\/a><\/p>\n","protected":false},"featured_media":0,"comment_status":"open","ping_status":"closed","template":"","meta":[],"product_brand":[],"product_cat":[38],"product_tag":[],"class_list":{"0":"post-656","1":"product","2":"type-product","3":"status-publish","5":"product_cat-food-beverage","6":"entry","8":"first","9":"instock","10":"sold-individually","11":"taxable","12":"shipping-taxable","13":"purchasable","14":"product-type-simple"},"_links":{"self":[{"href":"https:\/\/salessummit.de\/booking\/wp-json\/wp\/v2\/product\/656","targetHints":{"allow":["GET"]}}],"collection":[{"href":"https:\/\/salessummit.de\/booking\/wp-json\/wp\/v2\/product"}],"about":[{"href":"https:\/\/salessummit.de\/booking\/wp-json\/wp\/v2\/types\/product"}],"replies":[{"embeddable":true,"href":"https:\/\/salessummit.de\/booking\/wp-json\/wp\/v2\/comments?post=656"}],"wp:attachment":[{"href":"https:\/\/salessummit.de\/booking\/wp-json\/wp\/v2\/media?parent=656"}],"wp:term":[{"taxonomy":"product_brand","embeddable":true,"href":"https:\/\/salessummit.de\/booking\/wp-json\/wp\/v2\/product_brand?post=656"},{"taxonomy":"product_cat","embeddable":true,"href":"https:\/\/salessummit.de\/booking\/wp-json\/wp\/v2\/product_cat?post=656"},{"taxonomy":"product_tag","embeddable":true,"href":"https:\/\/salessummit.de\/booking\/wp-json\/wp\/v2\/product_tag?post=656"}],"curies":[{"name":"wp","href":"https:\/\/api.w.org\/{rel}","templated":true}]}}