{"id":758,"date":"2025-10-07T11:03:14","date_gmt":"2025-10-07T09:03:14","guid":{"rendered":"https:\/\/salessummit.de\/booking\/?post_type=product&#038;p=758"},"modified":"2025-11-17T16:25:22","modified_gmt":"2025-11-17T15:25:22","slug":"candy-bar-optional-xmas-edition","status":"publish","type":"product","link":"https:\/\/salessummit.de\/booking\/shop\/candy-bar-optional-xmas-edition\/","title":{"rendered":"Candy Bar &#8211; optional Xmas Edition"},"content":{"rendered":"<p data-start=\"94\" data-end=\"469\">Locke Besucher an deinen Messestand mit unserer verf\u00fchrerischen Candy Bar! Ob klassisch s\u00fc\u00df oder festlich in der Xmas Edition, ein echter Hingucker, der Gespr\u00e4chsanl\u00e4sse schafft und Leads spielend leicht generiert. Auf Wunsch ist eine Farbanpassung je nach Auswahl m\u00f6glich, damit die Candy Bar perfekt zu deinem Branding passt.<\/p>\n<p data-start=\"471\" data-end=\"557\"><strong data-start=\"471\" data-end=\"483\">Hinweis:<\/strong><br data-start=\"483\" data-end=\"486\" \/>Portionen inkl. 650 \u2013 Erweiterung f\u00fcr 100 Portionen m\u00f6glich f\u00fcr 675 \u20ac<\/p>\n","protected":false},"excerpt":{"rendered":"<p>Locke Besucher an deinen Messestand mit unserer verf\u00fchrerischen Candy Bar! Ob klassisch s\u00fc\u00df oder festlich in der Xmas Edition, ein echter Hingucker, der Gespr\u00e4chsanl\u00e4sse schafft und Leads spielend leicht generiert. Auf Wunsch ist eine Farbanpassung je nach Auswahl m\u00f6glich, damit die Candy Bar perfekt zu deinem Branding passt. Hinweis:Portionen inkl. 650 \u2013 Erweiterung f\u00fcr 100&hellip; <a class=\"more-link\" href=\"https:\/\/salessummit.de\/booking\/shop\/candy-bar-optional-xmas-edition\/\"><span class=\"screen-reader-text\">Candy Bar &#8211; optional Xmas Edition<\/span> weiterlesen<\/a><\/p>\n","protected":false},"featured_media":707,"comment_status":"open","ping_status":"closed","template":"","meta":[],"product_brand":[],"product_cat":[38],"product_tag":[],"class_list":{"0":"post-758","1":"product","2":"type-product","3":"status-publish","4":"has-post-thumbnail","6":"product_cat-food-beverage","7":"entry","9":"first","10":"instock","11":"sold-individually","12":"taxable","13":"shipping-taxable","14":"purchasable","15":"product-type-simple"},"_links":{"self":[{"href":"https:\/\/salessummit.de\/booking\/wp-json\/wp\/v2\/product\/758","targetHints":{"allow":["GET"]}}],"collection":[{"href":"https:\/\/salessummit.de\/booking\/wp-json\/wp\/v2\/product"}],"about":[{"href":"https:\/\/salessummit.de\/booking\/wp-json\/wp\/v2\/types\/product"}],"replies":[{"embeddable":true,"href":"https:\/\/salessummit.de\/booking\/wp-json\/wp\/v2\/comments?post=758"}],"wp:featuredmedia":[{"embeddable":true,"href":"https:\/\/salessummit.de\/booking\/wp-json\/wp\/v2\/media\/707"}],"wp:attachment":[{"href":"https:\/\/salessummit.de\/booking\/wp-json\/wp\/v2\/media?parent=758"}],"wp:term":[{"taxonomy":"product_brand","embeddable":true,"href":"https:\/\/salessummit.de\/booking\/wp-json\/wp\/v2\/product_brand?post=758"},{"taxonomy":"product_cat","embeddable":true,"href":"https:\/\/salessummit.de\/booking\/wp-json\/wp\/v2\/product_cat?post=758"},{"taxonomy":"product_tag","embeddable":true,"href":"https:\/\/salessummit.de\/booking\/wp-json\/wp\/v2\/product_tag?post=758"}],"curies":[{"name":"wp","href":"https:\/\/api.w.org\/{rel}","templated":true}]}}