{"id":760,"date":"2025-10-07T11:15:20","date_gmt":"2025-10-07T09:15:20","guid":{"rendered":"https:\/\/salessummit.de\/booking\/?post_type=product&#038;p=760"},"modified":"2026-03-24T13:51:22","modified_gmt":"2026-03-24T12:51:22","slug":"hot-dog-stand","status":"publish","type":"product","link":"https:\/\/salessummit.de\/booking\/shop\/hot-dog-stand\/","title":{"rendered":"Hot Dog Stand"},"content":{"rendered":"<p data-start=\"0\" data-end=\"379\">Ziehe mehr Aufmerksamkeit auf deinen Messestand und mache ihn zum echten Besuchermagneten mit unserem beliebten Hot Dog Stand. Frisch zubereitete Hot Dogs sorgen f\u00fcr Genuss, schaffen eine lockere Gespr\u00e4chsatmosph\u00e4re und bleiben deinen G\u00e4sten garantiert in Erinnerung. So wird dein Stand zum Treffpunkt, an dem du ganz einfach neue Kontakte kn\u00fcpfst und wertvolle Leads generierst.<\/p>\n<p data-start=\"381\" data-end=\"508\">Im Angebot enthalten sind Portionen f\u00fcr bis zu 500 Personen. Eine Erweiterung um weitere 100 Portionen ist f\u00fcr 1.164 \u20ac m\u00f6glich.<\/p>\n<p data-start=\"510\" data-end=\"590\" data-is-last-node=\"\" data-is-only-node=\"\">Die Ausgabezeiten:<br \/>\nTag 1\u00a0 10:30 bis 18:00 Uhr \/\u00a0 Tag 2\u00a0 10:30 bis 17:00 Uhr<\/p>\n","protected":false},"excerpt":{"rendered":"<p>Ziehe mehr Aufmerksamkeit auf deinen Messestand und mache ihn zum echten Besuchermagneten mit unserem beliebten Hot Dog Stand. Frisch zubereitete Hot Dogs sorgen f\u00fcr Genuss, schaffen eine lockere Gespr\u00e4chsatmosph\u00e4re und bleiben deinen G\u00e4sten garantiert in Erinnerung. So wird dein Stand zum Treffpunkt, an dem du ganz einfach neue Kontakte kn\u00fcpfst und wertvolle Leads generierst. Im&hellip; <a class=\"more-link\" href=\"https:\/\/salessummit.de\/booking\/shop\/hot-dog-stand\/\"><span class=\"screen-reader-text\">Hot Dog Stand<\/span> weiterlesen<\/a><\/p>\n","protected":false},"featured_media":770,"comment_status":"open","ping_status":"closed","template":"","meta":[],"product_brand":[],"product_cat":[38],"product_tag":[],"class_list":{"0":"post-760","1":"product","2":"type-product","3":"status-publish","4":"has-post-thumbnail","6":"product_cat-food-beverage","7":"entry","9":"first","10":"instock","11":"sold-individually","12":"taxable","13":"shipping-taxable","14":"purchasable","15":"product-type-simple"},"_links":{"self":[{"href":"https:\/\/salessummit.de\/booking\/wp-json\/wp\/v2\/product\/760","targetHints":{"allow":["GET"]}}],"collection":[{"href":"https:\/\/salessummit.de\/booking\/wp-json\/wp\/v2\/product"}],"about":[{"href":"https:\/\/salessummit.de\/booking\/wp-json\/wp\/v2\/types\/product"}],"replies":[{"embeddable":true,"href":"https:\/\/salessummit.de\/booking\/wp-json\/wp\/v2\/comments?post=760"}],"wp:featuredmedia":[{"embeddable":true,"href":"https:\/\/salessummit.de\/booking\/wp-json\/wp\/v2\/media\/770"}],"wp:attachment":[{"href":"https:\/\/salessummit.de\/booking\/wp-json\/wp\/v2\/media?parent=760"}],"wp:term":[{"taxonomy":"product_brand","embeddable":true,"href":"https:\/\/salessummit.de\/booking\/wp-json\/wp\/v2\/product_brand?post=760"},{"taxonomy":"product_cat","embeddable":true,"href":"https:\/\/salessummit.de\/booking\/wp-json\/wp\/v2\/product_cat?post=760"},{"taxonomy":"product_tag","embeddable":true,"href":"https:\/\/salessummit.de\/booking\/wp-json\/wp\/v2\/product_tag?post=760"}],"curies":[{"name":"wp","href":"https:\/\/api.w.org\/{rel}","templated":true}]}}