{"id":765,"date":"2025-10-07T11:25:37","date_gmt":"2025-10-07T09:25:37","guid":{"rendered":"https:\/\/salessummit.de\/booking\/?post_type=product&#038;p=765"},"modified":"2025-11-17T16:25:14","modified_gmt":"2025-11-17T15:25:14","slug":"matcha-bar","status":"publish","type":"product","link":"https:\/\/salessummit.de\/booking\/shop\/matcha-bar\/","title":{"rendered":"Matcha Bar"},"content":{"rendered":"<p data-start=\"120\" data-end=\"367\">Begeistere Besucher an deinem Messestand mit unserer erfrischenden Matcha Bar! Ob hei\u00df oder kalt serviert \u2013 sie bietet ein modernes und gesundes Getr\u00e4nkeerlebnis, das Gespr\u00e4chsanl\u00e4sse schafft und Leads spielend leicht generiert.<\/p>\n<p data-start=\"369\" data-end=\"455\"><strong data-start=\"369\" data-end=\"381\">Hinweis:<\/strong><br data-start=\"381\" data-end=\"384\" \/>Portionen inkl. 500 \u2013 Erweiterung f\u00fcr 100 Portionen m\u00f6glich f\u00fcr 713 \u20ac<\/p>\n","protected":false},"excerpt":{"rendered":"<p>Begeistere Besucher an deinem Messestand mit unserer erfrischenden Matcha Bar! Ob hei\u00df oder kalt serviert \u2013 sie bietet ein modernes und gesundes Getr\u00e4nkeerlebnis, das Gespr\u00e4chsanl\u00e4sse schafft und Leads spielend leicht generiert. Hinweis:Portionen inkl. 500 \u2013 Erweiterung f\u00fcr 100 Portionen m\u00f6glich f\u00fcr 713 \u20ac<\/p>\n","protected":false},"featured_media":0,"comment_status":"open","ping_status":"closed","template":"","meta":[],"product_brand":[],"product_cat":[38],"product_tag":[],"class_list":{"0":"post-765","1":"product","2":"type-product","3":"status-publish","5":"product_cat-food-beverage","6":"entry","8":"first","9":"instock","10":"sold-individually","11":"taxable","12":"shipping-taxable","13":"purchasable","14":"product-type-simple"},"_links":{"self":[{"href":"https:\/\/salessummit.de\/booking\/wp-json\/wp\/v2\/product\/765","targetHints":{"allow":["GET"]}}],"collection":[{"href":"https:\/\/salessummit.de\/booking\/wp-json\/wp\/v2\/product"}],"about":[{"href":"https:\/\/salessummit.de\/booking\/wp-json\/wp\/v2\/types\/product"}],"replies":[{"embeddable":true,"href":"https:\/\/salessummit.de\/booking\/wp-json\/wp\/v2\/comments?post=765"}],"wp:attachment":[{"href":"https:\/\/salessummit.de\/booking\/wp-json\/wp\/v2\/media?parent=765"}],"wp:term":[{"taxonomy":"product_brand","embeddable":true,"href":"https:\/\/salessummit.de\/booking\/wp-json\/wp\/v2\/product_brand?post=765"},{"taxonomy":"product_cat","embeddable":true,"href":"https:\/\/salessummit.de\/booking\/wp-json\/wp\/v2\/product_cat?post=765"},{"taxonomy":"product_tag","embeddable":true,"href":"https:\/\/salessummit.de\/booking\/wp-json\/wp\/v2\/product_tag?post=765"}],"curies":[{"name":"wp","href":"https:\/\/api.w.org\/{rel}","templated":true}]}}